{"id":25,"date":"2013-06-14T17:03:01","date_gmt":"2013-06-14T17:03:01","guid":{"rendered":"http:\/\/saboresdelperu.com.ar\/web2013\/?page_id=25"},"modified":"2023-07-19T17:38:53","modified_gmt":"2023-07-19T17:38:53","slug":"reservaciones","status":"publish","type":"page","link":"https:\/\/saboresdelperu.com.ar\/gralpaz\/reservaciones\/","title":{"rendered":"Reservas"},"content":{"rendered":"<div class=\"alert-box green round\">ESTA RESERVA ES PARA EL LOCAL DE BARRIO GENERAL PAZ, CATAMARCA 1042<\/div>\n<p>Debido a la capacidad reducida las reservas ser\u00e1n tomadas solamente via Whatsapp Cel: 351 6376388<br \/>\nLas reservaciones ser\u00e1n validas \u00fanicamente cuando hayan sido confirmadas.<\/p>\n","protected":false},"excerpt":{"rendered":"<p>Debido a la capacidad reducida las reservas ser\u00e1n tomadas solamente via Whatsapp Cel: 351 6376388 Las reservaciones ser\u00e1n validas \u00fanicamente cuando hayan sido confirmadas.<\/p>\n","protected":false},"author":1,"featured_media":0,"parent":0,"menu_order":0,"comment_status":"closed","ping_status":"open","template":"page-full.php","meta":{"footnotes":""},"class_list":["post-25","page","type-page","status-publish","hentry"],"_links":{"self":[{"href":"https:\/\/saboresdelperu.com.ar\/gralpaz\/wp-json\/wp\/v2\/pages\/25","targetHints":{"allow":["GET"]}}],"collection":[{"href":"https:\/\/saboresdelperu.com.ar\/gralpaz\/wp-json\/wp\/v2\/pages"}],"about":[{"href":"https:\/\/saboresdelperu.com.ar\/gralpaz\/wp-json\/wp\/v2\/types\/page"}],"author":[{"embeddable":true,"href":"https:\/\/saboresdelperu.com.ar\/gralpaz\/wp-json\/wp\/v2\/users\/1"}],"replies":[{"embeddable":true,"href":"https:\/\/saboresdelperu.com.ar\/gralpaz\/wp-json\/wp\/v2\/comments?post=25"}],"version-history":[{"count":16,"href":"https:\/\/saboresdelperu.com.ar\/gralpaz\/wp-json\/wp\/v2\/pages\/25\/revisions"}],"predecessor-version":[{"id":842,"href":"https:\/\/saboresdelperu.com.ar\/gralpaz\/wp-json\/wp\/v2\/pages\/25\/revisions\/842"}],"wp:attachment":[{"href":"https:\/\/saboresdelperu.com.ar\/gralpaz\/wp-json\/wp\/v2\/media?parent=25"}],"curies":[{"name":"wp","href":"https:\/\/api.w.org\/{rel}","templated":true}]}}