{"id":22,"date":"2013-06-14T17:02:22","date_gmt":"2013-06-14T17:02:22","guid":{"rendered":"http:\/\/saboresdelperu.com.ar\/web2013\/?page_id=22"},"modified":"2020-04-25T02:36:46","modified_gmt":"2020-04-25T02:36:46","slug":"contacto","status":"publish","type":"page","link":"https:\/\/saboresdelperu.com.ar\/gralpaz\/contacto\/","title":{"rendered":"Contacto"},"content":{"rendered":"<h3>Sabores del Per\u00fa\u00a0General Paz<\/h3>\n<p><div class=\"alert-box red round\">ESTAMOS TRABAJANDO CON DELIVERY<\/div><br \/>\nCatamarca\u00a01042,\u00a0Barrio General Paz<br \/>\nTe: 0351 4270419<br \/>\nCel: 0351 156376388<br \/>\nMail: generalpaz@saboresdelperu.com.ar<br \/>\nHorarios de entrega: 12:00 a 15:00 y 20:00 a 23:00<br \/>\nCosto del envio $50<\/p>\n<p><iframe loading=\"lazy\" style=\"border: 0;\" src=\"https:\/\/www.google.com\/maps\/embed?pb=!1m18!1m12!1m3!1d3405.0555844064284!2d-64.17205908437704!3d-31.41259460321284!2m3!1f0!2f0!3f0!3m2!1i1024!2i768!4f13.1!3m3!1m2!1s0x9432a2a1b790bd61%3A0x322d09db4cb50f6b!2sCatamarca+1042%2C+X5004FLL+C%C3%B3rdoba!5e0!3m2!1ses-419!2sar!4v1486612292540\" width=\"642\" height=\"350\" frameborder=\"0\" allowfullscreen=\"allowfullscreen\"><\/iframe><\/p>\n<h3>Sabores del Per\u00fa Alta C\u00f3rdoba<\/h3>\n<p>Jer\u00f3nimo Luis de Cabrera 1041, Barrio Alta C\u00f3rdoba<br \/>\nTe: 0351 4717520<br \/>\nCel: 0351 157626588<br \/>\nMail: altacordoba@saboresdelperu.com.ar<br \/>\nHorarios: Martes a S\u00e1bados de 12 a 15 hs. y de 20:30 a 00 hs. &#8211; Domingos de 12 a 15 hs.<\/p>\n<p><iframe loading=\"lazy\" style=\"border: 0;\" src=\"https:\/\/www.google.com\/maps\/embed?pb=!1m18!1m12!1m3!1d3405.6768151519236!2d-64.19294038437754!3d-31.395473702383175!2m3!1f0!2f0!3f0!3m2!1i1024!2i768!4f13.1!3m3!1m2!1s0x943298611f36ebfb%3A0xf0d01b480132f9ed!2sSabores+del+Per%C3%BA!5e0!3m2!1ses-419!2sar!4v1486612419322\" width=\"642\" height=\"350\" frameborder=\"0\" allowfullscreen=\"allowfullscreen\"><\/iframe><\/p>\n","protected":false},"excerpt":{"rendered":"<p>Sabores del Per\u00fa\u00a0General Paz Catamarca\u00a01042,\u00a0Barrio General Paz Te: 0351 4270419 Cel: 0351 156376388 Mail: generalpaz@saboresdelperu.com.ar Horarios de entrega: 12:00 a 15:00 y 20:00 a 23:00 Costo del envio $50 Sabores del Per\u00fa Alta C\u00f3rdoba Jer\u00f3nimo Luis de Cabrera 1041, Barrio Alta C\u00f3rdoba Te: 0351 4717520 Cel: 0351 157626588 Mail: altacordoba@saboresdelperu.com.ar Horarios: Martes a S\u00e1bados de 12 a 15 hs. y &#8230;<\/p>\n","protected":false},"author":1,"featured_media":0,"parent":0,"menu_order":0,"comment_status":"open","ping_status":"open","template":"page-contact.php","meta":{"footnotes":""},"class_list":["post-22","page","type-page","status-publish","hentry"],"_links":{"self":[{"href":"https:\/\/saboresdelperu.com.ar\/gralpaz\/wp-json\/wp\/v2\/pages\/22","targetHints":{"allow":["GET"]}}],"collection":[{"href":"https:\/\/saboresdelperu.com.ar\/gralpaz\/wp-json\/wp\/v2\/pages"}],"about":[{"href":"https:\/\/saboresdelperu.com.ar\/gralpaz\/wp-json\/wp\/v2\/types\/page"}],"author":[{"embeddable":true,"href":"https:\/\/saboresdelperu.com.ar\/gralpaz\/wp-json\/wp\/v2\/users\/1"}],"replies":[{"embeddable":true,"href":"https:\/\/saboresdelperu.com.ar\/gralpaz\/wp-json\/wp\/v2\/comments?post=22"}],"version-history":[{"count":14,"href":"https:\/\/saboresdelperu.com.ar\/gralpaz\/wp-json\/wp\/v2\/pages\/22\/revisions"}],"predecessor-version":[{"id":717,"href":"https:\/\/saboresdelperu.com.ar\/gralpaz\/wp-json\/wp\/v2\/pages\/22\/revisions\/717"}],"wp:attachment":[{"href":"https:\/\/saboresdelperu.com.ar\/gralpaz\/wp-json\/wp\/v2\/media?parent=22"}],"curies":[{"name":"wp","href":"https:\/\/api.w.org\/{rel}","templated":true}]}}