{"id":14,"date":"2013-06-14T17:00:37","date_gmt":"2013-06-14T17:00:37","guid":{"rendered":"http:\/\/saboresdelperu.com.ar\/web2013\/?page_id=14"},"modified":"2013-08-16T14:49:54","modified_gmt":"2013-08-16T14:49:54","slug":"el-cebiche","status":"publish","type":"page","link":"https:\/\/saboresdelperu.com.ar\/gralpaz\/el-cebiche\/","title":{"rendered":"El Cebiche"},"content":{"rendered":"<table width=\"100%\" border=\"0\" cellspacing=\"0\" cellpadding=\"0\">\n<tbody>\n<tr>\n<td valign=\"top\"><a href=\"http:\/\/saboresdelperu.com.ar\/web2013\/wp-content\/uploads\/2013\/06\/DSC1755.jpg\"><img loading=\"lazy\" decoding=\"async\" class=\"alignleft size-full wp-image-434\" alt=\"Cebiche\" src=\"http:\/\/saboresdelperu.com.ar\/web2013\/wp-content\/uploads\/2013\/06\/DSC1755.jpg\" width=\"351\" height=\"232\" \/><\/a><a href=\"http:\/\/saboresdelperu.com.ar\/web2013\/wp-content\/uploads\/2013\/06\/DSC1741.jpg\"><img loading=\"lazy\" decoding=\"async\" class=\"alignleft size-full wp-image-498\" alt=\"_DSC1741\" src=\"http:\/\/saboresdelperu.com.ar\/web2013\/wp-content\/uploads\/2013\/06\/DSC1741.jpg\" width=\"351\" height=\"232\" \/><\/a><a href=\"http:\/\/saboresdelperu.com.ar\/web2013\/wp-content\/uploads\/2013\/06\/DSC1758.jpg\"><img loading=\"lazy\" decoding=\"async\" class=\"alignleft size-full wp-image-500\" alt=\"Ceviche Receta\" src=\"http:\/\/saboresdelperu.com.ar\/web2013\/wp-content\/uploads\/2013\/06\/DSC1758.jpg\" width=\"351\" height=\"232\" \/><\/a><a href=\"http:\/\/saboresdelperu.com.ar\/web2013\/wp-content\/uploads\/2013\/06\/DSC1742.jpg\"><img loading=\"lazy\" decoding=\"async\" class=\"alignleft size-full wp-image-502\" alt=\"_DSC1742\" src=\"http:\/\/saboresdelperu.com.ar\/web2013\/wp-content\/uploads\/2013\/06\/DSC1742.jpg\" width=\"351\" height=\"232\" \/><\/a><\/td>\n<td style=\"text-align: justify;\">Cebiche, Seviche, Ceviche, Sebiche, cualquier sea la procedencia o la forma de denominarlo, mas all\u00e1 de las graf\u00edas y las disquisiciones de algunos investigadores que buscan explicar algunas aristas y fuentes sobre el origen de su nombre, que en estas lejan\u00edas no importan, lo cierto es que todos podemos conciliar en los siguiente:<br \/>\nes un plato suculento, arom\u00e1tico, sabroso, chispeante, vigorizante y bien peruano. Adem\u00e1s es, la receta mas representativa de la atractiva y variada cocina peruana que, junto a las cocina Espa\u00f1ola, Francesa, Italiana y China, es uno de los pilares de la gastronom\u00eda mundial.Los insumos fundamentales para la elaboraci\u00f3n de un buen cebiche peruano son:<\/p>\n<div class=\"divider-dotted\"><\/div>\n<p>PESCADO, un ingrediente estrella del cebiche cuya frescura y calidad es imprescindible.<\/p>\n<p style=\"text-align: justify;\">LIMON, en nuestro cebiche los limones acarician con sus jugos los trozos de pescado y, sin pedir nada a cambio, reciben de \u00e9ste un fresco sabor a mar.<\/p>\n<p style=\"text-align: justify;\">AJI, es como un reto al paladar que una vez confrontado nos llena de orgullo y nos convierte en intr\u00e9pidos comensales.<\/p>\n<p style=\"text-align: justify;\">SAL, sin generar mayores sospechas, la sal despierta el sabor a mar del pescado y lo vuelve a la vida.<\/p>\n<p style=\"text-align: justify;\">LA CEBOLLA, en plumitas, aporta la textura crocante, un balance perfecto que combina el sabor de la naturaleza con la sobria energ\u00eda mineral.<\/p>\n<p style=\"text-align: justify;\">Como acompa\u00f1amiento, algunos utilizan el camote dulce y suave de la costa des\u00e9rtica; otros, el choclo tierno de los andes; y hasta hay quienes no perdonan la ausencia de la norte\u00f1a sarandaja. Sin importar su procedencia y car\u00e1cter, su misi\u00f3n es la misma: realzar el sabor y dar un descanso al paladar.<\/p>\n<p><div class=\"divider-dotted\"><\/div><br \/>\nRECETA CEBICHE DE PESCADO (para 04 personas)<br \/>\n<div class=\"divider-dotted\"><\/div><br \/>\nIngredientes:<\/p>\n<p style=\"text-align: justify;\">1 kg de pescado blanco<br \/>\n1 1\/2 taza de jugo de lim\u00f3n<br \/>\n1 diente de ajo molido<br \/>\n1 cebolla grande cortada a lo largo<br \/>\n2 aj\u00edes sin pepas cortados en tiritas<br \/>\nApio picado a gusto<br \/>\nCulantro picado a gusto<br \/>\nAj\u00ed molido, sal y pimienta a gusto<br \/>\nHojas de lechuga y choclos para servir<br \/>\n<div class=\"divider-dotted\"><\/div><br \/>\nPreparaci\u00f3n:<br \/>\nLavar el pescado y cortarlos en cuadrados. Sazonar con jugo de<br \/>\nlim\u00f3n, el ajo, el aj\u00ed molido, sal y pimienta.<br \/>\nDejar reposando durante 30 minutos. A\u00f1adir la cebolla, el apio y el<br \/>\nculantro y dejar reposar 5 minutos m\u00e1s.<br \/>\nServir acompa\u00f1ado de lechuga y choclos.<br \/>\n<div class=\"divider-dotted\"><\/div><br \/>\nTip:<br \/>\nEl pescado tiene que ser fresco del d\u00eda, nunca congelado.<\/p>\n<\/td>\n<\/tr>\n<\/tbody>\n<\/table>\n","protected":false},"excerpt":{"rendered":"<p>Cebiche, Seviche, Ceviche, Sebiche, cualquier sea la procedencia o la forma de denominarlo, mas all\u00e1 de las graf\u00edas y las disquisiciones de algunos investigadores que buscan explicar algunas aristas y fuentes sobre el origen de su nombre, que en estas lejan\u00edas no importan, lo cierto es que todos podemos conciliar en los siguiente: es un plato suculento, arom\u00e1tico, sabroso, chispeante, &#8230;<\/p>\n","protected":false},"author":1,"featured_media":0,"parent":0,"menu_order":0,"comment_status":"open","ping_status":"open","template":"page-full.php","meta":{"footnotes":""},"class_list":["post-14","page","type-page","status-publish","hentry"],"_links":{"self":[{"href":"https:\/\/saboresdelperu.com.ar\/gralpaz\/wp-json\/wp\/v2\/pages\/14","targetHints":{"allow":["GET"]}}],"collection":[{"href":"https:\/\/saboresdelperu.com.ar\/gralpaz\/wp-json\/wp\/v2\/pages"}],"about":[{"href":"https:\/\/saboresdelperu.com.ar\/gralpaz\/wp-json\/wp\/v2\/types\/page"}],"author":[{"embeddable":true,"href":"https:\/\/saboresdelperu.com.ar\/gralpaz\/wp-json\/wp\/v2\/users\/1"}],"replies":[{"embeddable":true,"href":"https:\/\/saboresdelperu.com.ar\/gralpaz\/wp-json\/wp\/v2\/comments?post=14"}],"version-history":[{"count":62,"href":"https:\/\/saboresdelperu.com.ar\/gralpaz\/wp-json\/wp\/v2\/pages\/14\/revisions"}],"predecessor-version":[{"id":86,"href":"https:\/\/saboresdelperu.com.ar\/gralpaz\/wp-json\/wp\/v2\/pages\/14\/revisions\/86"}],"wp:attachment":[{"href":"https:\/\/saboresdelperu.com.ar\/gralpaz\/wp-json\/wp\/v2\/media?parent=14"}],"curies":[{"name":"wp","href":"https:\/\/api.w.org\/{rel}","templated":true}]}}